{"id":987823,"date":"2024-03-13T14:27:52","date_gmt":"2024-03-13T19:27:52","guid":{"rendered":"https:\/\/ladaidice.com\/?post_type=product&#038;p=987823"},"modified":"2024-03-13T14:27:52","modified_gmt":"2024-03-13T19:27:52","slug":"plantilla-de-propuesta-de-marca","status":"publish","type":"product","link":"https:\/\/ladaidice.com\/index.php\/producto\/plantilla-de-propuesta-de-marca\/","title":{"rendered":"Plantilla de Propuesta de Marca"},"content":{"rendered":"<div class=\"vgblk-rw-wrapper limit-wrapper\">Si so\u00f1aste con presentar los conceptos de las marcas que dise\u00f1as, de una manera m\u00e1s poderosa, estas plantillas son para ti. Se\u00a0trata de 17 p\u00e1ginas totalmente personalizables. Mantienen un dise\u00f1o vers\u00e1til y minimalista que encaja con cualquier proyecto.\u00a0\u00a1Podr\u00e1s mostrar tu trabajo de forma resumida y muy profesional!<\/p>\n<p>Esta plantilla es una de las que usamos en nuestro team de Agencia Rosa para presentar nuestros proyectos de branding, y te lo prometo: los cambios que hacen los clientes son m\u00ednimos o inexistentes.<\/p>\n<p>Agrega el logo, im\u00e1genes, colores y tipograf\u00edas que gustes de una forma r\u00e1pida y eficiente.<\/p><\/div>\n<p><!-- .vgblk-rw-wrapper --><\/p>\n","protected":false},"excerpt":{"rendered":"<p>Si so\u00f1aste con presentar los conceptos de las marcas que dise\u00f1as, de una manera m\u00e1s poderosa, estas plantillas son para ti. Se\u00a0trata de 17 p\u00e1ginas totalmente personalizables. Mantienen un dise\u00f1o vers\u00e1til y minimalista que encaja con cualquier proyecto.\u00a0\u00a1Podr\u00e1s mostrar tu trabajo de forma resumida y muy profesional! Esta plantilla es una de las que usamos&#8230;<\/p>\n","protected":false},"featured_media":987824,"comment_status":"closed","ping_status":"closed","template":"","meta":{"_eb_attr":""},"product_cat":[76],"product_tag":[],"class_list":{"0":"post-987823","1":"product","2":"type-product","3":"status-publish","4":"has-post-thumbnail","6":"product_cat-sin-categorizar","8":"first","9":"instock","10":"taxable","11":"shipping-taxable","12":"purchasable","13":"product-type-simple"},"jetpack_sharing_enabled":true,"_links":{"self":[{"href":"https:\/\/ladaidice.com\/index.php\/wp-json\/wp\/v2\/product\/987823","targetHints":{"allow":["GET"]}}],"collection":[{"href":"https:\/\/ladaidice.com\/index.php\/wp-json\/wp\/v2\/product"}],"about":[{"href":"https:\/\/ladaidice.com\/index.php\/wp-json\/wp\/v2\/types\/product"}],"replies":[{"embeddable":true,"href":"https:\/\/ladaidice.com\/index.php\/wp-json\/wp\/v2\/comments?post=987823"}],"wp:featuredmedia":[{"embeddable":true,"href":"https:\/\/ladaidice.com\/index.php\/wp-json\/wp\/v2\/media\/987824"}],"wp:attachment":[{"href":"https:\/\/ladaidice.com\/index.php\/wp-json\/wp\/v2\/media?parent=987823"}],"wp:term":[{"taxonomy":"product_cat","embeddable":true,"href":"https:\/\/ladaidice.com\/index.php\/wp-json\/wp\/v2\/product_cat?post=987823"},{"taxonomy":"product_tag","embeddable":true,"href":"https:\/\/ladaidice.com\/index.php\/wp-json\/wp\/v2\/product_tag?post=987823"}],"curies":[{"name":"wp","href":"https:\/\/api.w.org\/{rel}","templated":true}]}}