{"id":987819,"date":"2024-03-13T14:17:51","date_gmt":"2024-03-13T19:17:51","guid":{"rendered":"https:\/\/ladaidice.com\/?post_type=product&#038;p=987819"},"modified":"2024-03-13T14:17:51","modified_gmt":"2024-03-13T19:17:51","slug":"plantilla-de-presentacion-de-estrategia","status":"publish","type":"product","link":"https:\/\/ladaidice.com\/index.php\/producto\/plantilla-de-presentacion-de-estrategia\/","title":{"rendered":"Plantilla de Presentaci\u00f3n de Estrategia"},"content":{"rendered":"<div class=\"vgblk-rw-wrapper limit-wrapper\">Descubrirte y conocerte es la base de todo. Mediante la estrategia crear\u00e1s una base s\u00f3lida para tu marca y a trav\u00e9s de la direcci\u00f3n creativa proyectar\u00e1s tu esencia.<\/p>\n<p>Es f\u00e1cilmente adaptable v solo necesitas conocimientos b\u00e1sicos en Illustrator o Canva.<\/p><\/div>\n<p><!-- .vgblk-rw-wrapper --><\/p>\n","protected":false},"excerpt":{"rendered":"<p>Descubrirte y conocerte es la base de todo. Mediante la estrategia crear\u00e1s una base s\u00f3lida para tu marca y a trav\u00e9s de la direcci\u00f3n creativa proyectar\u00e1s tu esencia. Es f\u00e1cilmente adaptable v solo necesitas conocimientos b\u00e1sicos en Illustrator o Canva.<\/p>\n","protected":false},"featured_media":987820,"comment_status":"closed","ping_status":"closed","template":"","meta":{"_eb_attr":""},"product_cat":[79,80],"product_tag":[],"class_list":{"0":"post-987819","1":"product","2":"type-product","3":"status-publish","4":"has-post-thumbnail","6":"product_cat-disenadores","7":"product_cat-no-disenadorres","9":"first","10":"instock","11":"taxable","12":"shipping-taxable","13":"purchasable","14":"product-type-simple"},"jetpack_sharing_enabled":true,"_links":{"self":[{"href":"https:\/\/ladaidice.com\/index.php\/wp-json\/wp\/v2\/product\/987819","targetHints":{"allow":["GET"]}}],"collection":[{"href":"https:\/\/ladaidice.com\/index.php\/wp-json\/wp\/v2\/product"}],"about":[{"href":"https:\/\/ladaidice.com\/index.php\/wp-json\/wp\/v2\/types\/product"}],"replies":[{"embeddable":true,"href":"https:\/\/ladaidice.com\/index.php\/wp-json\/wp\/v2\/comments?post=987819"}],"wp:featuredmedia":[{"embeddable":true,"href":"https:\/\/ladaidice.com\/index.php\/wp-json\/wp\/v2\/media\/987820"}],"wp:attachment":[{"href":"https:\/\/ladaidice.com\/index.php\/wp-json\/wp\/v2\/media?parent=987819"}],"wp:term":[{"taxonomy":"product_cat","embeddable":true,"href":"https:\/\/ladaidice.com\/index.php\/wp-json\/wp\/v2\/product_cat?post=987819"},{"taxonomy":"product_tag","embeddable":true,"href":"https:\/\/ladaidice.com\/index.php\/wp-json\/wp\/v2\/product_tag?post=987819"}],"curies":[{"name":"wp","href":"https:\/\/api.w.org\/{rel}","templated":true}]}}