{"id":987806,"date":"2024-03-13T12:07:00","date_gmt":"2024-03-13T17:07:00","guid":{"rendered":"https:\/\/ladaidice.com\/?post_type=product&#038;p=987806"},"modified":"2024-03-13T12:07:00","modified_gmt":"2024-03-13T17:07:00","slug":"plantilla-de-contrato-digital","status":"publish","type":"product","link":"https:\/\/ladaidice.com\/index.php\/producto\/plantilla-de-contrato-digital\/","title":{"rendered":"Plantilla de Contrato Digital"},"content":{"rendered":"<div class=\"vgblk-rw-wrapper limit-wrapper\">\n<div id=\"comp-lnnrjksz_r_comp-l2itfe7i_r_comp-l2is8hpe__cfc9eb07-bebe-76bf-90af-5ebd430a4b9c\" class=\"QOX0dS JCRlLH comp-lnnrjksz_r_comp-l2itfe7i_r_comp-l2is8hpe-container has-click-trigger nDEeB0 wixui-box\">\n<div id=\"comp-lnnrjksz_r_comp-l2itfe7i_r_comp-kquuuy8n__cfc9eb07-bebe-76bf-90af-5ebd430a4b9c\" class=\"SxM0TO QxJLC3 comp-lnnrjksz_r_comp-l2itfe7i_r_comp-kquuuy8n wixui-rich-text\" data-testid=\"richTextElement\">\n<h2 data-sourcepos=\"5:1-5:25\"><strong>Este contrato te permite:<\/strong><\/h2>\n<ul>\n<li><strong>Proteger tu trabajo:<\/strong> Define claramente los t\u00e9rminos y condiciones de tu colaboraci\u00f3n, incluyendo pagos, entregables, plazos, propiedad intelectual y m\u00e1s.<\/li>\n<li><strong>Comunicarte con tus clientes de forma profesional:<\/strong> Establece expectativas claras desde el inicio y evita confusiones o malentendidos.<\/li>\n<li><strong>Ahorrar tiempo y dinero:<\/strong> Olv\u00eddate de redactar contratos desde cero y enf\u00f3cate en lo que realmente importa: \u00a1tu trabajo creativo!<\/li>\n<\/ul>\n<h2><strong>\u00bfQu\u00e9 encontrar\u00e1s en este contrato?<\/strong><\/h2>\n<ul>\n<li><strong>Plantilla completa y profesional:<\/strong> 7 p\u00e1ginas editables, con la intenci\u00f3n de ayudar y facilitar tu d\u00eda a d\u00eda como creativo.<\/li>\n<li><strong>Lenguaje claro y conciso:<\/strong> F\u00e1cil de entender para ti y tus clientes.<\/li>\n<li><strong>Todas las cl\u00e1usulas esenciales:<\/strong> Pagos, entregables, plazos, modificaciones, propiedad intelectual, duraci\u00f3n del proyecto y mucho m\u00e1s.<\/li>\n<li><strong>Formato digital:<\/strong> Accesible y editable desde cualquier dispositivo. En Canva e Illustrator.<\/li>\n<\/ul>\n<h2><strong>\u00bfPara qui\u00e9n es este contrato?<\/strong><\/h2>\n<ul>\n<li><strong>Dise\u00f1adores freelance:<\/strong> Protege tu trabajo, propiedad intelectual, duraci\u00f3n del proyecto, y asegura un flujo de trabajo sin problemas.<\/li>\n<li><strong>Agencias creativas:<\/strong> Mant\u00e9n tus proyectos organizados y profesionaliza tu relaci\u00f3n con los clientes.<\/li>\n<li><strong>Cualquier profesional creativo:<\/strong> Que busca trabajar de forma segura y eficiente.<\/li>\n<\/ul>\n<p><strong>\u00bfListo para comenzar a trabajar con tranquilidad?<\/strong><\/p>\n<\/div>\n<\/div>\n<\/div>\n<p><!-- .vgblk-rw-wrapper --><\/p>\n","protected":false},"excerpt":{"rendered":"<p>Contrato guiado que contiene cl\u00e1usulas importantes que te protegen como creador, adem\u00e1s de ejemplos para que sepas exactamente qu\u00e9 puedes colocar en cada secci\u00f3n.<\/p>\n","protected":false},"featured_media":987807,"comment_status":"closed","ping_status":"closed","template":"","meta":{"_eb_attr":""},"product_cat":[77,79,78,80],"product_tag":[81],"class_list":{"0":"post-987806","1":"product","2":"type-product","3":"status-publish","4":"has-post-thumbnail","6":"product_cat-contrato","7":"product_cat-disenadores","8":"product_cat-freelance","9":"product_cat-no-disenadorres","10":"product_tag-contrato","12":"first","13":"instock","14":"virtual","15":"taxable","16":"purchasable","17":"product-type-simple"},"jetpack_sharing_enabled":true,"_links":{"self":[{"href":"https:\/\/ladaidice.com\/index.php\/wp-json\/wp\/v2\/product\/987806","targetHints":{"allow":["GET"]}}],"collection":[{"href":"https:\/\/ladaidice.com\/index.php\/wp-json\/wp\/v2\/product"}],"about":[{"href":"https:\/\/ladaidice.com\/index.php\/wp-json\/wp\/v2\/types\/product"}],"replies":[{"embeddable":true,"href":"https:\/\/ladaidice.com\/index.php\/wp-json\/wp\/v2\/comments?post=987806"}],"wp:featuredmedia":[{"embeddable":true,"href":"https:\/\/ladaidice.com\/index.php\/wp-json\/wp\/v2\/media\/987807"}],"wp:attachment":[{"href":"https:\/\/ladaidice.com\/index.php\/wp-json\/wp\/v2\/media?parent=987806"}],"wp:term":[{"taxonomy":"product_cat","embeddable":true,"href":"https:\/\/ladaidice.com\/index.php\/wp-json\/wp\/v2\/product_cat?post=987806"},{"taxonomy":"product_tag","embeddable":true,"href":"https:\/\/ladaidice.com\/index.php\/wp-json\/wp\/v2\/product_tag?post=987806"}],"curies":[{"name":"wp","href":"https:\/\/api.w.org\/{rel}","templated":true}]}}